{"id":9782,"date":"2022-07-12T10:17:56","date_gmt":"2022-07-12T08:17:56","guid":{"rendered":"https:\/\/www.cabines.eu\/ueber-uns\/"},"modified":"2026-02-14T08:14:48","modified_gmt":"2026-02-14T07:14:48","slug":"ueber-uns","status":"publish","type":"page","link":"https:\/\/www.cabines.eu\/de\/","title":{"rendered":"\u00dcber uns"},"content":{"rendered":"\t\t<div data-elementor-type=\"wp-page\" data-elementor-id=\"9782\" class=\"elementor elementor-9782 elementor-10\">\n\t\t\t\t\t\t<section class=\"elementor-section elementor-top-section elementor-element elementor-element-9af797d elementor-section-height-min-height elementor-section-stretched elementor-section-items-bottom elementor-section-full_width elementor-section-height-default\" data-id=\"9af797d\" data-element_type=\"section\" data-settings=\"{&quot;stretch_section&quot;:&quot;section-stretched&quot;,&quot;background_background&quot;:&quot;classic&quot;}\">\n\t\t\t\t\t\t\t<div class=\"elementor-background-overlay\"><\/div>\n\t\t\t\t\t\t\t<div class=\"elementor-container elementor-column-gap-wider\">\n\t\t\t\t\t<div class=\"elementor-column elementor-col-100 elementor-top-column elementor-element elementor-element-e7a5b55\" data-id=\"e7a5b55\" data-element_type=\"column\">\n\t\t\t<div class=\"elementor-widget-wrap elementor-element-populated\">\n\t\t\t\t\t\t<div class=\"elementor-element elementor-element-94c00be elementor-widget elementor-widget-heading\" data-id=\"94c00be\" data-element_type=\"widget\" data-widget_type=\"heading.default\">\n\t\t\t\t\t<h2 class=\"elementor-heading-title elementor-size-default\">ANLAGEN<\/h2>\t\t\t\t<\/div>\n\t\t\t\t<div class=\"elementor-element elementor-element-e4e046b elementor-widget elementor-widget-heading\" data-id=\"e4e046b\" data-element_type=\"widget\" data-widget_type=\"heading.default\">\n\t\t\t\t\t<h2 class=\"elementor-heading-title elementor-size-default\">UND AUSSTATTUNGEN F\u00dcR<\/h2>\t\t\t\t<\/div>\n\t\t\t\t<div class=\"elementor-element elementor-element-9b2772a elementor-widget elementor-widget-heading\" data-id=\"9b2772a\" data-element_type=\"widget\" data-widget_type=\"heading.default\">\n\t\t\t\t\t<h2 class=\"elementor-heading-title elementor-size-default\">OBERFL\u00c4CHENBEHANDLUNG<\/h2>\t\t\t\t<\/div>\n\t\t\t\t<section class=\"elementor-section elementor-inner-section elementor-element elementor-element-a364cbe elementor-section-boxed elementor-section-height-default elementor-section-height-default\" data-id=\"a364cbe\" data-element_type=\"section\">\n\t\t\t\t\t\t<div class=\"elementor-container elementor-column-gap-default\">\n\t\t\t\t\t<div class=\"elementor-column elementor-col-20 elementor-inner-column elementor-element elementor-element-c196f63\" data-id=\"c196f63\" data-element_type=\"column\">\n\t\t\t<div class=\"elementor-widget-wrap elementor-element-populated\">\n\t\t\t\t\t\t<div class=\"elementor-element elementor-element-db0baca elementor-absolute elementor-widget elementor-widget-heading\" data-id=\"db0baca\" data-element_type=\"widget\" data-settings=\"{&quot;_position&quot;:&quot;absolute&quot;}\" data-widget_type=\"heading.default\">\n\t\t\t\t\t<h2 class=\"elementor-heading-title elementor-size-default\">ONLINE-SHOP<\/h2>\t\t\t\t<\/div>\n\t\t\t\t<div class=\"elementor-element elementor-element-3739fbc elementor-widget elementor-widget-image\" data-id=\"3739fbc\" data-element_type=\"widget\" data-widget_type=\"image.default\">\n\t\t\t\t\t\t\t\t\t\t\t\t\t\t\t\t<a href=\"https:\/\/www.cabines.eu\/equipements-de-sablage\/\">\n\t\t\t\t\t\t\t<img fetchpriority=\"high\" decoding=\"async\" width=\"1200\" height=\"1200\" src=\"https:\/\/www.cabines.eu\/wp-content\/uploads\/2025\/11\/equipements_2-1200x1200.jpg\" class=\"attachment-large size-large wp-image-9776\" alt=\"\" srcset=\"https:\/\/www.cabines.eu\/wp-content\/uploads\/2025\/11\/equipements_2-1200x1200.jpg 1200w, https:\/\/www.cabines.eu\/wp-content\/uploads\/2025\/11\/equipements_2-800x800.jpg 800w, https:\/\/www.cabines.eu\/wp-content\/uploads\/2025\/11\/equipements_2-300x300.jpg 300w, https:\/\/www.cabines.eu\/wp-content\/uploads\/2025\/11\/equipements_2-500x500.jpg 500w, https:\/\/www.cabines.eu\/wp-content\/uploads\/2025\/11\/equipements_2-768x768.jpg 768w, https:\/\/www.cabines.eu\/wp-content\/uploads\/2025\/11\/equipements_2-1536x1536.jpg 1536w, https:\/\/www.cabines.eu\/wp-content\/uploads\/2025\/11\/equipements_2-150x150.jpg 150w, https:\/\/www.cabines.eu\/wp-content\/uploads\/2025\/11\/equipements_2-75x75.jpg 75w, https:\/\/www.cabines.eu\/wp-content\/uploads\/2025\/11\/equipements_2-480x480.jpg 480w, https:\/\/www.cabines.eu\/wp-content\/uploads\/2025\/11\/equipements_2.jpg 2000w\" sizes=\"(max-width:767px) 480px, (max-width:1200px) 100vw, 1200px\" \/>\t\t\t\t\t\t\t\t<\/a>\n\t\t\t\t\t\t\t\t\t\t\t\t\t\t\t<\/div>\n\t\t\t\t<div class=\"elementor-element elementor-element-f67f64b elementor-widget elementor-widget-heading\" data-id=\"f67f64b\" data-element_type=\"widget\" data-widget_type=\"heading.default\">\n\t\t\t\t\t<h3 class=\"elementor-heading-title elementor-size-default\">STRAHLANLAGEN<br><\/h3>\t\t\t\t<\/div>\n\t\t\t\t\t<\/div>\n\t\t<\/div>\n\t\t\t\t<div class=\"elementor-column elementor-col-20 elementor-inner-column elementor-element elementor-element-2f394dc\" data-id=\"2f394dc\" data-element_type=\"column\">\n\t\t\t<div class=\"elementor-widget-wrap elementor-element-populated\">\n\t\t\t\t\t\t<div class=\"elementor-element elementor-element-1d05d59 elementor-widget elementor-widget-image\" data-id=\"1d05d59\" data-element_type=\"widget\" data-widget_type=\"image.default\">\n\t\t\t\t\t\t\t\t\t\t\t\t\t\t\t\t<a href=\"https:\/\/www.sandstrahlhallen.de\/strahlkabinen\/\">\n\t\t\t\t\t\t\t<img decoding=\"async\" width=\"1024\" height=\"1024\" src=\"https:\/\/www.cabines.eu\/wp-content\/uploads\/2025\/12\/back_cabbines6-1.jpg\" class=\"attachment-large size-large wp-image-9777\" alt=\"\" srcset=\"https:\/\/www.cabines.eu\/wp-content\/uploads\/2025\/12\/back_cabbines6-1.jpg 1024w, https:\/\/www.cabines.eu\/wp-content\/uploads\/2025\/12\/back_cabbines6-1-500x500.jpg 500w, https:\/\/www.cabines.eu\/wp-content\/uploads\/2025\/12\/back_cabbines6-1-300x300.jpg 300w, https:\/\/www.cabines.eu\/wp-content\/uploads\/2025\/12\/back_cabbines6-1-768x768.jpg 768w, https:\/\/www.cabines.eu\/wp-content\/uploads\/2025\/12\/back_cabbines6-1-150x150.jpg 150w, https:\/\/www.cabines.eu\/wp-content\/uploads\/2025\/12\/back_cabbines6-1-75x75.jpg 75w, https:\/\/www.cabines.eu\/wp-content\/uploads\/2025\/12\/back_cabbines6-1-480x480.jpg 480w, https:\/\/www.cabines.eu\/wp-content\/uploads\/2025\/12\/back_cabbines6-1-800x800.jpg 800w\" sizes=\"(max-width:767px) 480px, (max-width:1024px) 100vw, 1024px\" \/>\t\t\t\t\t\t\t\t<\/a>\n\t\t\t\t\t\t\t\t\t\t\t\t\t\t\t<\/div>\n\t\t\t\t<div class=\"elementor-element elementor-element-875da9d elementor-widget elementor-widget-heading\" data-id=\"875da9d\" data-element_type=\"widget\" data-widget_type=\"heading.default\">\n\t\t\t\t\t<h3 class=\"elementor-heading-title elementor-size-default\">STRAHLKABINEN<br><\/h3>\t\t\t\t<\/div>\n\t\t\t\t\t<\/div>\n\t\t<\/div>\n\t\t\t\t<div class=\"elementor-column elementor-col-20 elementor-inner-column elementor-element elementor-element-ee1f9c1\" data-id=\"ee1f9c1\" data-element_type=\"column\">\n\t\t\t<div class=\"elementor-widget-wrap elementor-element-populated\">\n\t\t\t\t\t\t<div class=\"elementor-element elementor-element-e446f2d elementor-widget elementor-widget-image\" data-id=\"e446f2d\" data-element_type=\"widget\" data-widget_type=\"image.default\">\n\t\t\t\t\t\t\t\t\t\t\t\t\t\t\t\t<a href=\"https:\/\/www.cabines.eu\/conteneur-de-sablage\/\">\n\t\t\t\t\t\t\t<img decoding=\"async\" width=\"1024\" height=\"1024\" src=\"https:\/\/www.cabines.eu\/wp-content\/uploads\/2025\/12\/vignette_isocab.jpg\" class=\"attachment-large size-large wp-image-9778\" alt=\"\" srcset=\"https:\/\/www.cabines.eu\/wp-content\/uploads\/2025\/12\/vignette_isocab.jpg 1024w, https:\/\/www.cabines.eu\/wp-content\/uploads\/2025\/12\/vignette_isocab-800x800.jpg 800w, https:\/\/www.cabines.eu\/wp-content\/uploads\/2025\/12\/vignette_isocab-300x300.jpg 300w, https:\/\/www.cabines.eu\/wp-content\/uploads\/2025\/12\/vignette_isocab-500x500.jpg 500w, https:\/\/www.cabines.eu\/wp-content\/uploads\/2025\/12\/vignette_isocab-768x768.jpg 768w, https:\/\/www.cabines.eu\/wp-content\/uploads\/2025\/12\/vignette_isocab-150x150.jpg 150w, https:\/\/www.cabines.eu\/wp-content\/uploads\/2025\/12\/vignette_isocab-75x75.jpg 75w, https:\/\/www.cabines.eu\/wp-content\/uploads\/2025\/12\/vignette_isocab-480x480.jpg 480w\" sizes=\"(max-width:767px) 480px, (max-width:1024px) 100vw, 1024px\" \/>\t\t\t\t\t\t\t\t<\/a>\n\t\t\t\t\t\t\t\t\t\t\t\t\t\t\t<\/div>\n\t\t\t\t<div class=\"elementor-element elementor-element-7ebb6ee elementor-widget elementor-widget-heading\" data-id=\"7ebb6ee\" data-element_type=\"widget\" data-widget_type=\"heading.default\">\n\t\t\t\t\t<h3 class=\"elementor-heading-title elementor-size-default\">STRAHLCONTAINER<br><\/h3>\t\t\t\t<\/div>\n\t\t\t\t\t<\/div>\n\t\t<\/div>\n\t\t\t\t<div class=\"elementor-column elementor-col-20 elementor-inner-column elementor-element elementor-element-09b5db8\" data-id=\"09b5db8\" data-element_type=\"column\">\n\t\t\t<div class=\"elementor-widget-wrap elementor-element-populated\">\n\t\t\t\t\t\t<div class=\"elementor-element elementor-element-56a44db elementor-widget elementor-widget-image\" data-id=\"56a44db\" data-element_type=\"widget\" data-widget_type=\"image.default\">\n\t\t\t\t\t\t\t\t\t\t\t\t\t\t\t\t<a href=\"https:\/\/www.cabines.eu\/depoussiereur\/\">\n\t\t\t\t\t\t\t<img loading=\"lazy\" decoding=\"async\" width=\"1024\" height=\"1024\" src=\"https:\/\/www.cabines.eu\/wp-content\/uploads\/2025\/12\/back_dep-1.jpg\" class=\"attachment-large size-large wp-image-9779\" alt=\"\" srcset=\"https:\/\/www.cabines.eu\/wp-content\/uploads\/2025\/12\/back_dep-1.jpg 1024w, https:\/\/www.cabines.eu\/wp-content\/uploads\/2025\/12\/back_dep-1-500x500.jpg 500w, https:\/\/www.cabines.eu\/wp-content\/uploads\/2025\/12\/back_dep-1-300x300.jpg 300w, https:\/\/www.cabines.eu\/wp-content\/uploads\/2025\/12\/back_dep-1-768x768.jpg 768w, https:\/\/www.cabines.eu\/wp-content\/uploads\/2025\/12\/back_dep-1-150x150.jpg 150w, https:\/\/www.cabines.eu\/wp-content\/uploads\/2025\/12\/back_dep-1-75x75.jpg 75w, https:\/\/www.cabines.eu\/wp-content\/uploads\/2025\/12\/back_dep-1-480x480.jpg 480w, https:\/\/www.cabines.eu\/wp-content\/uploads\/2025\/12\/back_dep-1-800x800.jpg 800w\" sizes=\"(max-width:767px) 480px, (max-width:1024px) 100vw, 1024px\" \/>\t\t\t\t\t\t\t\t<\/a>\n\t\t\t\t\t\t\t\t\t\t\t\t\t\t\t<\/div>\n\t\t\t\t<div class=\"elementor-element elementor-element-ae2657e elementor-widget elementor-widget-heading\" data-id=\"ae2657e\" data-element_type=\"widget\" data-widget_type=\"heading.default\">\n\t\t\t\t\t<h3 class=\"elementor-heading-title elementor-size-default\">ENTSTAUBUNGSANLAGEN<\/h3>\t\t\t\t<\/div>\n\t\t\t\t\t<\/div>\n\t\t<\/div>\n\t\t\t\t<div class=\"elementor-column elementor-col-20 elementor-inner-column elementor-element elementor-element-bcd9fb9\" data-id=\"bcd9fb9\" data-element_type=\"column\">\n\t\t\t<div class=\"elementor-widget-wrap elementor-element-populated\">\n\t\t\t\t\t\t<div class=\"elementor-element elementor-element-b2bf780 elementor-widget elementor-widget-image\" data-id=\"b2bf780\" data-element_type=\"widget\" data-widget_type=\"image.default\">\n\t\t\t\t\t\t\t\t\t\t\t\t\t\t\t\t<a href=\"https:\/\/www.cabines.eu\/cabine-ligne-peinture-poudre\/\">\n\t\t\t\t\t\t\t<img loading=\"lazy\" decoding=\"async\" width=\"1024\" height=\"1024\" src=\"https:\/\/www.cabines.eu\/wp-content\/uploads\/2025\/12\/back_ligne.jpg\" class=\"attachment-large size-large wp-image-9780\" alt=\"\" srcset=\"https:\/\/www.cabines.eu\/wp-content\/uploads\/2025\/12\/back_ligne.jpg 1024w, https:\/\/www.cabines.eu\/wp-content\/uploads\/2025\/12\/back_ligne-800x800.jpg 800w, https:\/\/www.cabines.eu\/wp-content\/uploads\/2025\/12\/back_ligne-300x300.jpg 300w, https:\/\/www.cabines.eu\/wp-content\/uploads\/2025\/12\/back_ligne-500x500.jpg 500w, https:\/\/www.cabines.eu\/wp-content\/uploads\/2025\/12\/back_ligne-768x768.jpg 768w, https:\/\/www.cabines.eu\/wp-content\/uploads\/2025\/12\/back_ligne-150x150.jpg 150w, https:\/\/www.cabines.eu\/wp-content\/uploads\/2025\/12\/back_ligne-75x75.jpg 75w, https:\/\/www.cabines.eu\/wp-content\/uploads\/2025\/12\/back_ligne-480x480.jpg 480w\" sizes=\"(max-width:767px) 480px, (max-width:1024px) 100vw, 1024px\" \/>\t\t\t\t\t\t\t\t<\/a>\n\t\t\t\t\t\t\t\t\t\t\t\t\t\t\t<\/div>\n\t\t\t\t<div class=\"elementor-element elementor-element-c9d63d8 elementor-widget elementor-widget-heading\" data-id=\"c9d63d8\" data-element_type=\"widget\" data-widget_type=\"heading.default\">\n\t\t\t\t\t<h3 class=\"elementor-heading-title elementor-size-default\">PULVERBESCHICHTUNGSLINIE\n<\/h3>\t\t\t\t<\/div>\n\t\t\t\t\t<\/div>\n\t\t<\/div>\n\t\t\t\t\t<\/div>\n\t\t<\/section>\n\t\t\t\t\t<\/div>\n\t\t<\/div>\n\t\t\t\t\t<\/div>\n\t\t<\/section>\n\t\t\t\t<section class=\"elementor-section elementor-top-section elementor-element elementor-element-97c2c63 elementor-section-stretched elementor-section-boxed elementor-section-height-default elementor-section-height-default\" data-id=\"97c2c63\" data-element_type=\"section\" data-settings=\"{&quot;stretch_section&quot;:&quot;section-stretched&quot;,&quot;background_background&quot;:&quot;classic&quot;}\">\n\t\t\t\t\t\t<div class=\"elementor-container elementor-column-gap-wider\">\n\t\t\t\t\t<div class=\"elementor-column elementor-col-100 elementor-top-column elementor-element elementor-element-138f0a2\" data-id=\"138f0a2\" data-element_type=\"column\">\n\t\t\t<div class=\"elementor-widget-wrap elementor-element-populated\">\n\t\t\t\t\t\t<section class=\"elementor-section elementor-inner-section elementor-element elementor-element-a7a077a elementor-section-boxed elementor-section-height-default elementor-section-height-default\" data-id=\"a7a077a\" data-element_type=\"section\">\n\t\t\t\t\t\t<div class=\"elementor-container elementor-column-gap-default\">\n\t\t\t\t\t<div class=\"elementor-column elementor-col-33 elementor-inner-column elementor-element elementor-element-755952f\" data-id=\"755952f\" data-element_type=\"column\">\n\t\t\t<div class=\"elementor-widget-wrap elementor-element-populated\">\n\t\t\t\t\t\t<div class=\"elementor-element elementor-element-4f87d86 elementor-widget elementor-widget-heading\" data-id=\"4f87d86\" data-element_type=\"widget\" data-widget_type=\"heading.default\">\n\t\t\t\t\t<h4 class=\"elementor-heading-title elementor-size-default\">Unternehmen CABINES<\/h4>\t\t\t\t<\/div>\n\t\t\t\t<div class=\"elementor-element elementor-element-d02a709 elementor-widget elementor-widget-heading\" data-id=\"d02a709\" data-element_type=\"widget\" data-widget_type=\"heading.default\">\n\t\t\t\t\t<h6 class=\"elementor-heading-title elementor-size-default\">Seit<\/h6>\t\t\t\t<\/div>\n\t\t\t\t<div class=\"elementor-element elementor-element-ccedca8 elementor-widget__width-auto elementor-widget elementor-widget-counter\" data-id=\"ccedca8\" data-element_type=\"widget\" data-widget_type=\"counter.default\">\n\t\t\t\t\t\t\t<div class=\"elementor-counter\">\n\t\t\t<div class=\"elementor-counter-title\">  Jahren<\/div>\t\t\t<div class=\"elementor-counter-number-wrapper\">\n\t\t\t\t<span class=\"elementor-counter-number-prefix\"><\/span>\n\t\t\t\t<span class=\"elementor-counter-number\" data-duration=\"2000\" data-to-value=\"35\" data-from-value=\"0\">0<\/span>\n\t\t\t\t<span class=\"elementor-counter-number-suffix\"><\/span>\n\t\t\t<\/div>\n\t\t<\/div>\n\t\t\t\t\t\t<\/div>\n\t\t\t\t\t<\/div>\n\t\t<\/div>\n\t\t\t\t<div class=\"elementor-column elementor-col-33 elementor-inner-column elementor-element elementor-element-9b561bd\" data-id=\"9b561bd\" data-element_type=\"column\">\n\t\t\t<div class=\"elementor-widget-wrap elementor-element-populated\">\n\t\t\t\t\t\t<div class=\"elementor-element elementor-element-ef5e9ba elementor-widget elementor-widget-text-editor\" data-id=\"ef5e9ba\" data-element_type=\"widget\" data-widget_type=\"text-editor.default\">\n\t\t\t\t\t\t\t\t\t<p>Das Unternehmen <strong>\u201eCabines\u201c<\/strong> ist seit 25 Jahren in Frankreich n\u00f6rdlich von Avignon in der Industriezone Fournalet in der Gemeinde Sorgues ans\u00e4ssig.<br><br><br><\/p><p>Unsere Kunden sind herzlich eingeladen, unser Unternehmen zu besichtigen.<\/p>\t\t\t\t\t\t\t\t<\/div>\n\t\t\t\t\t<\/div>\n\t\t<\/div>\n\t\t\t\t<div class=\"elementor-column elementor-col-33 elementor-inner-column elementor-element elementor-element-fb66569\" data-id=\"fb66569\" data-element_type=\"column\">\n\t\t\t<div class=\"elementor-widget-wrap elementor-element-populated\">\n\t\t\t\t\t\t<div class=\"elementor-element elementor-element-c70c97a elementor-widget elementor-widget-text-editor\" data-id=\"c70c97a\" data-element_type=\"widget\" data-widget_type=\"text-editor.default\">\n\t\t\t\t\t\t\t\t\t<p>Das Geb\u00e4ude mit einer <strong>Fl\u00e4che von 5.000 m2<\/strong> besteht haupts\u00e4chlich aus:<br>&#8211; 2.000 m\u00b2: Produktionseinheit, in der die Blechkonstruktionen und Schlosserteile gefertigt werden,<br>&#8211; 500 m\u00b2: Vorbereitungs-, Montage- und Finishbereich,<br>&#8211; 1.600 m\u00b2 (mit Plattform): Lagerbereich mit Standardkabinen und Strahlanlagen,<br>&#8211; 400 m\u00b2: Lagerbereich f\u00fcr Strahlger\u00e4te, Teile, Schl\u00e4uche und Strahlverbrauchsmaterialien,<br>&#8211; 800 m\u00b2: vollst\u00e4ndig in Betrieb befindliche Einheit zur Oberfl\u00e4chenbehandlung,<br>&#8211; 100 m\u00b2: Fertigungsraum f\u00fcr Elektro-Schaltschr\u00e4nke,<br>&#8211; 250 m\u00b2: Ausstellungshalle,<br>&#8211; 250 m\u00b2: B\u00fcros und Archiv,<br><br>Sandstrahlhallen \u00b7 Strahlcontainer \u00b7 Strahlkabinen \u00b7 Lackiercontainer \u00b7 Lackierhallen \u00b7 Pulverbeschichtung. F\u00fcr Fachkr\u00e4fte. Mammut Sandstrahlger\u00e4te<\/p>\t\t\t\t\t\t\t\t<\/div>\n\t\t\t\t\t<\/div>\n\t\t<\/div>\n\t\t\t\t\t<\/div>\n\t\t<\/section>\n\t\t\t\t\t<\/div>\n\t\t<\/div>\n\t\t\t\t\t<\/div>\n\t\t<\/section>\n\t\t\t\t<\/div>\n\t\t","protected":false},"excerpt":{"rendered":"<p>ANLAGEN UND AUSSTATTUNGEN F\u00dcR OBERFL\u00c4CHENBEHANDLUNG ONLINE-SHOP STRAHLANLAGEN STRAHLKABINEN STRAHLCONTAINER ENTSTAUBUNGSANLAGEN PULVERBESCHICHTUNGSLINIE Unternehmen CABINES Seit Jahren 0 Das Unternehmen \u201eCabines\u201c ist seit 25 Jahren in Frankreich n\u00f6rdlich<span class=\"excerpt-hellip\"> [\u2026]<\/span><\/p>\n","protected":false},"author":1,"featured_media":0,"parent":0,"menu_order":0,"comment_status":"closed","ping_status":"closed","template":"","meta":{"footnotes":""},"class_list":["post-9782","page","type-page","status-publish","hentry"],"_links":{"self":[{"href":"https:\/\/www.cabines.eu\/de\/wp-json\/wp\/v2\/pages\/9782","targetHints":{"allow":["GET"]}}],"collection":[{"href":"https:\/\/www.cabines.eu\/de\/wp-json\/wp\/v2\/pages"}],"about":[{"href":"https:\/\/www.cabines.eu\/de\/wp-json\/wp\/v2\/types\/page"}],"author":[{"embeddable":true,"href":"https:\/\/www.cabines.eu\/de\/wp-json\/wp\/v2\/users\/1"}],"replies":[{"embeddable":true,"href":"https:\/\/www.cabines.eu\/de\/wp-json\/wp\/v2\/comments?post=9782"}],"version-history":[{"count":1,"href":"https:\/\/www.cabines.eu\/de\/wp-json\/wp\/v2\/pages\/9782\/revisions"}],"predecessor-version":[{"id":9810,"href":"https:\/\/www.cabines.eu\/de\/wp-json\/wp\/v2\/pages\/9782\/revisions\/9810"}],"wp:attachment":[{"href":"https:\/\/www.cabines.eu\/de\/wp-json\/wp\/v2\/media?parent=9782"}],"curies":[{"name":"wp","href":"https:\/\/api.w.org\/{rel}","templated":true}]}}